{"id":1498,"date":"2026-05-06T14:33:58","date_gmt":"2026-05-06T12:33:58","guid":{"rendered":"https:\/\/margency.de\/"},"modified":"2026-05-06T14:41:30","modified_gmt":"2026-05-06T12:41:30","slug":"stellenangebote","status":"publish","type":"page","link":"https:\/\/margency.de\/en\/stellenangebote\/","title":{"rendered":"Stellenangebote"},"content":{"rendered":"\t\t<div data-elementor-type=\"wp-page\" data-elementor-id=\"1498\" class=\"elementor elementor-1498\" data-elementor-post-type=\"page\">\n\t\t\t\t<div class=\"elementor-element elementor-element-37de61e e-flex e-con-boxed e-con e-parent\" data-id=\"37de61e\" data-element_type=\"container\" data-e-type=\"container\">\n\t\t\t\t\t<div class=\"e-con-inner\">\n\t\t<div data-uael-partstyle=\"nasa\" data-uael-partcolor=\"#FFFFFF\" data-uael-partopacity=\"\" data-uael-partdirection=\"bottom\" data-uael-partnum=\"50\" data-uael-partsize=\"1\" data-uael-partspeed=\"1\" data-uael-interactive=\"no\" class=\"elementor-element elementor-element-b421b95 uael-particle-yes uael-particle-adv-yes bg-fade e-con-full e-flex e-con e-child\" data-id=\"b421b95\" data-element_type=\"container\" data-e-type=\"container\" data-settings=\"{&quot;shape_divider_bottom&quot;:&quot;curve&quot;}\">\n\t\t\t\t<div class=\"elementor-shape elementor-shape-bottom\" aria-hidden=\"true\" data-negative=\"false\">\n\t\t\t<svg xmlns=\"http:\/\/www.w3.org\/2000\/svg\" viewBox=\"0 0 1000 100\" preserveAspectRatio=\"none\">\n    <path class=\"elementor-shape-fill\" d=\"M1000,4.3V0H0v4.3C0.9,23.1,126.7,99.2,500,100S1000,22.7,1000,4.3z\"\/>\n<\/svg>\t\t<\/div>\n\t\t\t\t<div class=\"elementor-element elementor-element-9e3a165 e-transform elementor-absolute elementor-hidden-mobile elementor-widget elementor-widget-image\" data-id=\"9e3a165\" data-element_type=\"widget\" data-e-type=\"widget\" data-settings=\"{&quot;motion_fx_motion_fx_scrolling&quot;:&quot;yes&quot;,&quot;_transform_rotateZ_effect&quot;:{&quot;unit&quot;:&quot;px&quot;,&quot;size&quot;:-5,&quot;sizes&quot;:[]},&quot;_animation&quot;:&quot;none&quot;,&quot;_position&quot;:&quot;absolute&quot;,&quot;motion_fx_scale_effect&quot;:&quot;yes&quot;,&quot;motion_fx_scale_speed&quot;:{&quot;unit&quot;:&quot;px&quot;,&quot;size&quot;:10,&quot;sizes&quot;:[]},&quot;motion_fx_scale_direction&quot;:&quot;out-in&quot;,&quot;motion_fx_scale_range&quot;:{&quot;unit&quot;:&quot;%&quot;,&quot;size&quot;:&quot;&quot;,&quot;sizes&quot;:{&quot;start&quot;:20,&quot;end&quot;:80}},&quot;motion_fx_devices&quot;:[&quot;desktop&quot;,&quot;tablet&quot;,&quot;mobile&quot;],&quot;_transform_rotateZ_effect_tablet&quot;:{&quot;unit&quot;:&quot;deg&quot;,&quot;size&quot;:&quot;&quot;,&quot;sizes&quot;:[]},&quot;_transform_rotateZ_effect_mobile&quot;:{&quot;unit&quot;:&quot;deg&quot;,&quot;size&quot;:&quot;&quot;,&quot;sizes&quot;:[]}}\" data-widget_type=\"image.default\">\n\t\t\t\t<div class=\"elementor-widget-container\">\n\t\t\t\t\t\t\t\t\t\t\t\t\t\t\t<img fetchpriority=\"high\" decoding=\"async\" width=\"712\" height=\"854\" src=\"https:\/\/margency.de\/wp-content\/uploads\/2025\/04\/elipse-3.png\" class=\"attachment-full size-full wp-image-863\" alt=\"\" \/>\t\t\t\t\t\t\t\t\t\t\t\t\t\t\t<\/div>\n\t\t\t\t<\/div>\n\t\t\t\t<div class=\"elementor-element elementor-element-1670800 e-transform elementor-absolute elementor-hidden-mobile elementor-widget elementor-widget-image\" data-id=\"1670800\" data-element_type=\"widget\" data-e-type=\"widget\" data-settings=\"{&quot;motion_fx_motion_fx_scrolling&quot;:&quot;yes&quot;,&quot;_transform_rotateZ_effect&quot;:{&quot;unit&quot;:&quot;px&quot;,&quot;size&quot;:-5,&quot;sizes&quot;:[]},&quot;_animation&quot;:&quot;none&quot;,&quot;_position&quot;:&quot;absolute&quot;,&quot;motion_fx_scale_effect&quot;:&quot;yes&quot;,&quot;motion_fx_scale_speed&quot;:{&quot;unit&quot;:&quot;px&quot;,&quot;size&quot;:10,&quot;sizes&quot;:[]},&quot;motion_fx_scale_direction&quot;:&quot;out-in&quot;,&quot;motion_fx_scale_range&quot;:{&quot;unit&quot;:&quot;%&quot;,&quot;size&quot;:&quot;&quot;,&quot;sizes&quot;:{&quot;start&quot;:20,&quot;end&quot;:80}},&quot;motion_fx_devices&quot;:[&quot;desktop&quot;,&quot;tablet&quot;,&quot;mobile&quot;],&quot;_transform_rotateZ_effect_tablet&quot;:{&quot;unit&quot;:&quot;deg&quot;,&quot;size&quot;:&quot;&quot;,&quot;sizes&quot;:[]},&quot;_transform_rotateZ_effect_mobile&quot;:{&quot;unit&quot;:&quot;deg&quot;,&quot;size&quot;:&quot;&quot;,&quot;sizes&quot;:[]}}\" data-widget_type=\"image.default\">\n\t\t\t\t<div class=\"elementor-widget-container\">\n\t\t\t\t\t\t\t\t\t\t\t\t\t\t\t<img decoding=\"async\" width=\"640\" height=\"778\" src=\"https:\/\/margency.de\/wp-content\/uploads\/2025\/04\/elipse-5.png\" class=\"attachment-full size-full wp-image-865\" alt=\"\" \/>\t\t\t\t\t\t\t\t\t\t\t\t\t\t\t<\/div>\n\t\t\t\t<\/div>\n\t\t\t\t<\/div>\n\t\t\t\t\t<\/div>\n\t\t\t\t<\/div>\n\t\t<div class=\"elementor-element elementor-element-537034d e-flex e-con-boxed e-con e-parent\" data-id=\"537034d\" data-element_type=\"container\" data-e-type=\"container\">\n\t\t\t\t\t<div class=\"e-con-inner\">\n\t\t<div class=\"elementor-element elementor-element-24307d9 e-con-full e-flex e-con e-child\" data-id=\"24307d9\" data-element_type=\"container\" data-e-type=\"container\">\n\t\t\t\t<div class=\"elementor-element elementor-element-eda4f25 elementor-widget elementor-widget-heading\" data-id=\"eda4f25\" data-element_type=\"widget\" data-e-type=\"widget\" data-widget_type=\"heading.default\">\n\t\t\t\t<div class=\"elementor-widget-container\">\n\t\t\t\t\t<h2 class=\"elementor-heading-title elementor-size-default\">(Senior) Salesforce Consultant &amp; Projektmanager (m\/w\/d)<\/h2>\t\t\t\t<\/div>\n\t\t\t\t<\/div>\n\t\t\t\t<div class=\"elementor-element elementor-element-e875173 elementor-widget elementor-widget-text-editor\" data-id=\"e875173\" data-element_type=\"widget\" data-e-type=\"widget\" data-widget_type=\"text-editor.default\">\n\t\t\t\t<div class=\"elementor-widget-container\">\n\t\t\t\t\t\t\t\t\t<p><b>Festanstellung \u00b7 Vollzeit \u00b7 Hechingen\u00a0<\/b><\/p><h5><b>Worum es geht<\/b><\/h5><p><span style=\"font-weight: 400;\">Du \u00fcbernimmst Salesforce-Projekte von der Analyse bis zum Go-live \u2013 so, dass sie nicht nur umgesetzt, sondern auch genutzt und sp\u00e4ter sauber weitergef\u00fchrt werden k\u00f6nnen.<\/span><\/p><h5><b>Deine Aufgaben<\/b><\/h5><p><span style=\"font-weight: 400;\">Du analysierst Prozesse, f\u00fchrst Workshops, strukturierst Anforderungen und setzt L\u00f6sungen in Salesforce selbst um. Dazu geh\u00f6ren u. a. Flows, Automationen, Lightning Pages, Felder, Objekte, Berechtigungen sowie Reports und Dashboards. Au\u00dferdem steuerst du Projekte, h\u00e4ltst Scope, Risiken und Abh\u00e4ngigkeiten im Blick und sorgst f\u00fcr saubere Tests, Dokumentation und \u00dcbergaben.<\/span><\/p><h5><b>Dein Profil<\/b><\/h5><p><span style=\"font-weight: 400;\">Du hast mehrere Jahre Erfahrung in Salesforce-Projekten und kennst dich mit Automationen, Datenmodellen und Berechtigungen aus. Eine Admin-Zertifizierung ist ein Plus, aber kein Muss. Wichtiger ist, dass du sauber arbeitest, Verantwortung \u00fcbernimmst und komplexe Themen verst\u00e4ndlich kommunizieren kannst. Deutsch sehr gut, Englisch gut.<\/span><\/p><h5><b>Was wir bieten<\/b><\/h5><p><span style=\"font-weight: 400;\">Remote-first, Vertrauensarbeitszeit, echte Verantwortung, kurze Entscheidungen und Unterst\u00fctzung bei Weiterentwicklung und Zertifizierungen. Dazu eine transparente Gehaltsspanne und moderne Arbeitsausstattung.<\/span><\/p>\t\t\t\t\t\t\t\t<\/div>\n\t\t\t\t<\/div>\n\t\t\t\t<div class=\"elementor-element elementor-element-c78410f elementor-widget elementor-widget-button\" data-id=\"c78410f\" data-element_type=\"widget\" data-e-type=\"widget\" data-widget_type=\"button.default\">\n\t\t\t\t<div class=\"elementor-widget-container\">\n\t\t\t\t\t\t\t\t\t<div class=\"elementor-button-wrapper\">\n\t\t\t\t\t<a class=\"elementor-button elementor-button-link elementor-size-sm\" href=\"https:\/\/margency.de\/kontakt\/\">\n\t\t\t\t\t\t<span class=\"elementor-button-content-wrapper\">\n\t\t\t\t\t\t\t\t\t<span class=\"elementor-button-text\">JETZT KONTAKT AUFNEHMEN<\/span>\n\t\t\t\t\t<\/span>\n\t\t\t\t\t<\/a>\n\t\t\t\t<\/div>\n\t\t\t\t\t\t\t\t<\/div>\n\t\t\t\t<\/div>\n\t\t\t\t<\/div>\n\t\t<div class=\"elementor-element elementor-element-8047f37 e-con-full e-flex e-con e-child\" data-id=\"8047f37\" data-element_type=\"container\" data-e-type=\"container\">\n\t\t\t\t<div class=\"elementor-element elementor-element-729dbd0 elementor-widget elementor-widget-image\" data-id=\"729dbd0\" data-element_type=\"widget\" data-e-type=\"widget\" data-widget_type=\"image.default\">\n\t\t\t\t<div class=\"elementor-widget-container\">\n\t\t\t\t\t\t\t\t\t\t\t\t\t\t\t<img decoding=\"async\" width=\"800\" height=\"1421\" src=\"https:\/\/margency.de\/wp-content\/uploads\/2026\/05\/ChatGPT-Image-6.-Mai-2026-09_53_18-1.png\" class=\"attachment-large size-large wp-image-1441\" alt=\"\" srcset=\"https:\/\/margency.de\/wp-content\/uploads\/2026\/05\/ChatGPT-Image-6.-Mai-2026-09_53_18-1.png 941w, https:\/\/margency.de\/wp-content\/uploads\/2026\/05\/ChatGPT-Image-6.-Mai-2026-09_53_18-1-844x1500.png 844w, https:\/\/margency.de\/wp-content\/uploads\/2026\/05\/ChatGPT-Image-6.-Mai-2026-09_53_18-1-768x1365.png 768w, https:\/\/margency.de\/wp-content\/uploads\/2026\/05\/ChatGPT-Image-6.-Mai-2026-09_53_18-1-864x1536.png 864w, https:\/\/margency.de\/wp-content\/uploads\/2026\/05\/ChatGPT-Image-6.-Mai-2026-09_53_18-1-7x12.png 7w\" sizes=\"(max-width: 800px) 100vw, 800px\" \/>\t\t\t\t\t\t\t\t\t\t\t\t\t\t\t<\/div>\n\t\t\t\t<\/div>\n\t\t\t\t<\/div>\n\t\t\t\t\t<\/div>\n\t\t\t\t<\/div>\n\t\t<div class=\"elementor-element elementor-element-82f0338 e-flex e-con-boxed e-con e-parent\" data-id=\"82f0338\" data-element_type=\"container\" data-e-type=\"container\">\n\t\t\t\t\t<div class=\"e-con-inner\">\n\t\t<div class=\"elementor-element elementor-element-8e4dca6 e-con-full e-flex e-con e-child\" data-id=\"8e4dca6\" data-element_type=\"container\" data-e-type=\"container\">\n\t\t\t\t<div class=\"elementor-element elementor-element-c65591d elementor-widget elementor-widget-image\" data-id=\"c65591d\" data-element_type=\"widget\" data-e-type=\"widget\" data-widget_type=\"image.default\">\n\t\t\t\t<div class=\"elementor-widget-container\">\n\t\t\t\t\t\t\t\t\t\t\t\t\t\t\t<img loading=\"lazy\" decoding=\"async\" width=\"800\" height=\"1421\" src=\"https:\/\/margency.de\/wp-content\/uploads\/2026\/05\/ChatGPT-Image-6.-Mai-2026-12_12_57.png\" class=\"attachment-large size-large wp-image-1442\" alt=\"\" srcset=\"https:\/\/margency.de\/wp-content\/uploads\/2026\/05\/ChatGPT-Image-6.-Mai-2026-12_12_57.png 941w, https:\/\/margency.de\/wp-content\/uploads\/2026\/05\/ChatGPT-Image-6.-Mai-2026-12_12_57-844x1500.png 844w, https:\/\/margency.de\/wp-content\/uploads\/2026\/05\/ChatGPT-Image-6.-Mai-2026-12_12_57-768x1365.png 768w, https:\/\/margency.de\/wp-content\/uploads\/2026\/05\/ChatGPT-Image-6.-Mai-2026-12_12_57-864x1536.png 864w, https:\/\/margency.de\/wp-content\/uploads\/2026\/05\/ChatGPT-Image-6.-Mai-2026-12_12_57-7x12.png 7w\" sizes=\"(max-width: 800px) 100vw, 800px\" \/>\t\t\t\t\t\t\t\t\t\t\t\t\t\t\t<\/div>\n\t\t\t\t<\/div>\n\t\t\t\t<\/div>\n\t\t<div class=\"elementor-element elementor-element-73bb683 e-con-full e-flex e-con e-child\" data-id=\"73bb683\" data-element_type=\"container\" data-e-type=\"container\">\n\t\t\t\t<div class=\"elementor-element elementor-element-ae169cb elementor-widget elementor-widget-heading\" data-id=\"ae169cb\" data-element_type=\"widget\" data-e-type=\"widget\" data-widget_type=\"heading.default\">\n\t\t\t\t<div class=\"elementor-widget-container\">\n\t\t\t\t\t<h2 class=\"elementor-heading-title elementor-size-default\">CRM Developer (m\/w\/d) \u2013 Fokus Automation &amp; Integration<\/h2>\t\t\t\t<\/div>\n\t\t\t\t<\/div>\n\t\t\t\t<div class=\"elementor-element elementor-element-35b00aa elementor-widget elementor-widget-text-editor\" data-id=\"35b00aa\" data-element_type=\"widget\" data-e-type=\"widget\" data-widget_type=\"text-editor.default\">\n\t\t\t\t<div class=\"elementor-widget-container\">\n\t\t\t\t\t\t\t\t\t<p><b>Festanstellung \u00b7 Vollzeit \u00b7 Remote<\/b><\/p><h5><b>Worum es geht<\/b><\/h5><p><span style=\"font-weight: 400;\">Du baust CRM-L\u00f6sungen, die im Alltag stabil laufen: Automationen, Integrationen, Datenfl\u00fcsse und Migrationen \u2013 nachvollziehbar, robust und wartbar.<\/span><\/p><h5><b>Deine Aufgaben<\/b><\/h5><p><span style=\"font-weight: 400;\">Du setzt Workflows und Automationen um, bindest Systeme \u00fcber APIs, Webhooks oder Middleware an und k\u00fcmmerst dich um stabile Datenfl\u00fcsse. Dazu kommen Datenmigrationen, Bereinigung, Mapping und technische Themen, die sauber bis zum Abschluss gebracht werden m\u00fcssen. Du arbeitest eng mit Consulting und Projektmanagement zusammen und hilfst dabei, sinnvolle technische L\u00f6sungen umzusetzen.<\/span><\/p><h5><b>Dein Profil<\/b><\/h5><p><span style=\"font-weight: 400;\">Du verstehst CRM-Prozesse und Datenmodelle, hast Erfahrung mit Integrationen und arbeitest strukturiert. Dokumentation, saubere \u00dcbergaben und reproduzierbare Setups sind f\u00fcr dich selbstverst\u00e4ndlich. Sehr gutes Deutsch und gutes Englisch setzen wir voraus. Erfahrung mit Salesforce, Make, Zapier oder Python ist ein Plus.<br \/><\/span><\/p><h5><b>Was wir bieten<\/b><\/h5><p><span style=\"font-weight: 400;\">Remote und flexibel, viel Eigenverantwortung, wenig Politik, schnelles Onboarding und Weiterbildung mit klarem Praxisbezug.<\/span><\/p><p><span style=\"font-weight: 400;\"><br \/><\/span><b><\/b><\/p>\t\t\t\t\t\t\t\t<\/div>\n\t\t\t\t<\/div>\n\t\t\t\t<div class=\"elementor-element elementor-element-5c753bd elementor-widget elementor-widget-button\" data-id=\"5c753bd\" data-element_type=\"widget\" data-e-type=\"widget\" data-widget_type=\"button.default\">\n\t\t\t\t<div class=\"elementor-widget-container\">\n\t\t\t\t\t\t\t\t\t<div class=\"elementor-button-wrapper\">\n\t\t\t\t\t<a class=\"elementor-button elementor-button-link elementor-size-sm\" href=\"https:\/\/margency.de\/kontakt\/\">\n\t\t\t\t\t\t<span class=\"elementor-button-content-wrapper\">\n\t\t\t\t\t\t\t\t\t<span class=\"elementor-button-text\">JETZT KONTAKT AUFNEHMEN<\/span>\n\t\t\t\t\t<\/span>\n\t\t\t\t\t<\/a>\n\t\t\t\t<\/div>\n\t\t\t\t\t\t\t\t<\/div>\n\t\t\t\t<\/div>\n\t\t\t\t<\/div>\n\t\t\t\t\t<\/div>\n\t\t\t\t<\/div>\n\t\t\t\t<\/div>\n\t\t","protected":false},"excerpt":{"rendered":"<p>(Senior) Salesforce Consultant &amp; Projektmanager (m\/w\/d) Festanstellung \u00b7 Vollzeit \u00b7 Hechingen\u00a0 Worum es geht Du \u00fcbernimmst Salesforce-Projekte von der Analyse bis zum Go-live \u2013 so, dass sie nicht nur umgesetzt, sondern auch genutzt und sp\u00e4ter sauber weitergef\u00fchrt werden k\u00f6nnen. Deine Aufgaben Du analysierst Prozesse, f\u00fchrst Workshops, strukturierst Anforderungen und setzt L\u00f6sungen in Salesforce selbst um. [&hellip;]<\/p>\n","protected":false},"author":1,"featured_media":0,"parent":0,"menu_order":0,"comment_status":"closed","ping_status":"closed","template":"","meta":{"footnotes":""},"class_list":["post-1498","page","type-page","status-publish","hentry"],"_links":{"self":[{"href":"https:\/\/margency.de\/en\/wp-json\/wp\/v2\/pages\/1498","targetHints":{"allow":["GET"]}}],"collection":[{"href":"https:\/\/margency.de\/en\/wp-json\/wp\/v2\/pages"}],"about":[{"href":"https:\/\/margency.de\/en\/wp-json\/wp\/v2\/types\/page"}],"author":[{"embeddable":true,"href":"https:\/\/margency.de\/en\/wp-json\/wp\/v2\/users\/1"}],"replies":[{"embeddable":true,"href":"https:\/\/margency.de\/en\/wp-json\/wp\/v2\/comments?post=1498"}],"version-history":[{"count":4,"href":"https:\/\/margency.de\/en\/wp-json\/wp\/v2\/pages\/1498\/revisions"}],"predecessor-version":[{"id":1502,"href":"https:\/\/margency.de\/en\/wp-json\/wp\/v2\/pages\/1498\/revisions\/1502"}],"wp:attachment":[{"href":"https:\/\/margency.de\/en\/wp-json\/wp\/v2\/media?parent=1498"}],"curies":[{"name":"wp","href":"https:\/\/api.w.org\/{rel}","templated":true}]}}