{"id":3,"date":"2025-04-05T12:29:28","date_gmt":"2025-04-05T10:29:28","guid":{"rendered":"https:\/\/margency.de\/?page_id=3"},"modified":"2025-04-20T19:17:12","modified_gmt":"2025-04-20T17:17:12","slug":"datenschutz","status":"publish","type":"page","link":"https:\/\/margency.de\/en\/datenschutz\/","title":{"rendered":"Privacy policy"},"content":{"rendered":"\t\t<div data-elementor-type=\"wp-page\" data-elementor-id=\"3\" class=\"elementor elementor-3\" data-elementor-post-type=\"page\">\n\t\t\t\t<div data-uael-partstyle=\"nasa\" data-uael-partcolor=\"#FFFFFF\" data-uael-partopacity=\"\" data-uael-partdirection=\"bottom\" data-uael-partnum=\"50\" data-uael-partsize=\"1\" data-uael-partspeed=\"1\" data-uael-interactive=\"no\" class=\"elementor-element elementor-element-41a4461 uael-particle-yes uael-particle-adv-yes bg-fade e-flex e-con-boxed e-con e-parent\" data-id=\"41a4461\" data-element_type=\"container\" data-e-type=\"container\" data-settings=\"{&quot;shape_divider_bottom&quot;:&quot;curve&quot;}\">\n\t\t\t\t\t<div class=\"e-con-inner\">\n\t\t\t\t<div class=\"elementor-shape elementor-shape-bottom\" aria-hidden=\"true\" data-negative=\"false\">\n\t\t\t<svg xmlns=\"http:\/\/www.w3.org\/2000\/svg\" viewBox=\"0 0 1000 100\" preserveAspectRatio=\"none\">\n    <path class=\"elementor-shape-fill\" d=\"M1000,4.3V0H0v4.3C0.9,23.1,126.7,99.2,500,100S1000,22.7,1000,4.3z\"\/>\n<\/svg>\t\t<\/div>\n\t\t\t\t<div class=\"elementor-element elementor-element-a4e76fd e-transform elementor-absolute elementor-hidden-mobile elementor-widget elementor-widget-image\" data-id=\"a4e76fd\" data-element_type=\"widget\" data-e-type=\"widget\" data-settings=\"{&quot;motion_fx_motion_fx_scrolling&quot;:&quot;yes&quot;,&quot;_transform_rotateZ_effect&quot;:{&quot;unit&quot;:&quot;px&quot;,&quot;size&quot;:-5,&quot;sizes&quot;:[]},&quot;_animation&quot;:&quot;none&quot;,&quot;_position&quot;:&quot;absolute&quot;,&quot;motion_fx_scale_effect&quot;:&quot;yes&quot;,&quot;motion_fx_scale_speed&quot;:{&quot;unit&quot;:&quot;px&quot;,&quot;size&quot;:10,&quot;sizes&quot;:[]},&quot;motion_fx_scale_direction&quot;:&quot;out-in&quot;,&quot;motion_fx_scale_range&quot;:{&quot;unit&quot;:&quot;%&quot;,&quot;size&quot;:&quot;&quot;,&quot;sizes&quot;:{&quot;start&quot;:20,&quot;end&quot;:80}},&quot;motion_fx_devices&quot;:[&quot;desktop&quot;,&quot;tablet&quot;,&quot;mobile&quot;],&quot;_transform_rotateZ_effect_tablet&quot;:{&quot;unit&quot;:&quot;deg&quot;,&quot;size&quot;:&quot;&quot;,&quot;sizes&quot;:[]},&quot;_transform_rotateZ_effect_mobile&quot;:{&quot;unit&quot;:&quot;deg&quot;,&quot;size&quot;:&quot;&quot;,&quot;sizes&quot;:[]}}\" data-widget_type=\"image.default\">\n\t\t\t\t<div class=\"elementor-widget-container\">\n\t\t\t\t\t\t\t\t\t\t\t\t\t\t\t<img fetchpriority=\"high\" decoding=\"async\" width=\"640\" height=\"778\" src=\"https:\/\/margency.de\/wp-content\/uploads\/2025\/04\/elipse-5.png\" class=\"attachment-full size-full wp-image-865\" alt=\"\" \/>\t\t\t\t\t\t\t\t\t\t\t\t\t\t\t<\/div>\n\t\t\t\t<\/div>\n\t\t\t\t<div class=\"elementor-element elementor-element-6bd5f48 e-transform elementor-absolute elementor-hidden-mobile elementor-widget elementor-widget-image\" data-id=\"6bd5f48\" data-element_type=\"widget\" data-e-type=\"widget\" data-settings=\"{&quot;motion_fx_motion_fx_scrolling&quot;:&quot;yes&quot;,&quot;_transform_rotateZ_effect&quot;:{&quot;unit&quot;:&quot;px&quot;,&quot;size&quot;:-5,&quot;sizes&quot;:[]},&quot;_animation&quot;:&quot;none&quot;,&quot;_position&quot;:&quot;absolute&quot;,&quot;motion_fx_scale_effect&quot;:&quot;yes&quot;,&quot;motion_fx_scale_speed&quot;:{&quot;unit&quot;:&quot;px&quot;,&quot;size&quot;:10,&quot;sizes&quot;:[]},&quot;motion_fx_scale_direction&quot;:&quot;out-in&quot;,&quot;motion_fx_scale_range&quot;:{&quot;unit&quot;:&quot;%&quot;,&quot;size&quot;:&quot;&quot;,&quot;sizes&quot;:{&quot;start&quot;:20,&quot;end&quot;:80}},&quot;motion_fx_devices&quot;:[&quot;desktop&quot;,&quot;tablet&quot;,&quot;mobile&quot;],&quot;_transform_rotateZ_effect_tablet&quot;:{&quot;unit&quot;:&quot;deg&quot;,&quot;size&quot;:&quot;&quot;,&quot;sizes&quot;:[]},&quot;_transform_rotateZ_effect_mobile&quot;:{&quot;unit&quot;:&quot;deg&quot;,&quot;size&quot;:&quot;&quot;,&quot;sizes&quot;:[]}}\" data-widget_type=\"image.default\">\n\t\t\t\t<div class=\"elementor-widget-container\">\n\t\t\t\t\t\t\t\t\t\t\t\t\t\t\t<img decoding=\"async\" width=\"712\" height=\"854\" src=\"https:\/\/margency.de\/wp-content\/uploads\/2025\/04\/elipse-3.png\" class=\"attachment-full size-full wp-image-863\" alt=\"\" \/>\t\t\t\t\t\t\t\t\t\t\t\t\t\t\t<\/div>\n\t\t\t\t<\/div>\n\t\t\t\t\t<\/div>\n\t\t\t\t<\/div>\n\t\t<div class=\"elementor-element elementor-element-5ef7063 e-flex e-con-boxed e-con e-parent\" data-id=\"5ef7063\" data-element_type=\"container\" data-e-type=\"container\" data-settings=\"{&quot;background_background&quot;:&quot;classic&quot;}\">\n\t\t\t\t\t<div class=\"e-con-inner\">\n\t\t\t\t<div class=\"elementor-element elementor-element-b9214ed elementor-widget elementor-widget-text-editor\" data-id=\"b9214ed\" data-element_type=\"widget\" data-e-type=\"widget\" data-widget_type=\"text-editor.default\">\n\t\t\t\t<div class=\"elementor-widget-container\">\n\t\t\t\t\t\t\t\t\t<h2><b>Datenschutzbestimmungen f\u00fcr Margency<\/b><\/h2><h3><b> Verantwortliche Stelle<\/b><\/h3><p><span style=\"font-weight: 400;\">Verantwortlich f\u00fcr die Erhebung, Verarbeitung und Nutzung Ihrer personenbezogenen Daten im Sinne der Datenschutz-Grundverordnung (DSGVO) ist Maninder Singh &amp; Athanassios Nikolaou, Marktplatz 7, 72379 Hechingen, Deutschland.<\/span><\/p><h3><b>Datenerhebung und -verwendung<\/b><\/h3><p><span style=\"font-weight: 400;\">Margency erhebt und verwendet personenbezogene Daten seiner Kunden und Interessenten nur im Rahmen der Auftragsdurchf\u00fchrung sowie zur Kommunikation und Information \u00fcber Dienstleistungen und Angebote von Margency.<\/span><\/p><p><span style=\"font-weight: 400;\">Personenbezogene Daten werden nur erhoben, wenn sie f\u00fcr die genannten Zwecke erforderlich sind und der Kunde oder Interessent seine Einwilligung erteilt hat oder die Datenverarbeitung auf einer anderen Rechtsgrundlage, wie z.B. Vertragserf\u00fcllung oder gesetzlicher Verpflichtung, beruht.<\/span><\/p><h3><b>Datenweitergabe<\/b><\/h3><p><span style=\"font-weight: 400;\">Eine Weitergabe von personenbezogenen Daten an Dritte erfolgt nur, soweit dies zur Durchf\u00fchrung der vertraglichen Leistungen erforderlich ist oder eine gesetzliche Verpflichtung besteht.<\/span><\/p><p><span style=\"font-weight: 400;\">Margency stellt sicher, dass Dritte, die personenbezogene Daten im Auftrag von Margency verarbeiten, die datenschutzrechtlichen Anforderungen einhalten.<\/span><\/p><h3><b>Datensicherheit<\/b><\/h3><p><span style=\"font-weight: 400;\">Margency trifft technische und organisatorische Ma\u00dfnahmen, um die Sicherheit und Vertraulichkeit der verarbeiteten Daten zu gew\u00e4hrleisten und sie vor unbefugtem Zugriff, Verlust oder Ver\u00e4nderung zu sch\u00fctzen.<\/span><\/p><h3><b>Rechte der betroffenen Personen<\/b><\/h3><p><span style=\"font-weight: 400;\">Kunden und Interessenten von Margency haben das Recht auf Auskunft, Berichtigung, L\u00f6schung oder Einschr\u00e4nkung der Verarbeitung ihrer personenbezogenen Daten sowie ein Widerspruchsrecht gegen die Verarbeitung.<\/span><\/p><p><span style=\"font-weight: 400;\">Dar\u00fcber hinaus haben betroffene Personen das Recht auf Daten\u00fcbertragbarkeit, d.h. sie k\u00f6nnen ihre Daten in einem strukturierten, g\u00e4ngigen und maschinenlesbaren Format erhalten und diese Daten einem anderen Verantwortlichen \u00fcbermitteln.<\/span><\/p><h3><b>Datenschutzbeauftragter<\/b><\/h3><p><span style=\"font-weight: 400;\">Ein Datenschutzbeauftragter ist nicht bestellt, da Margency nicht gesetzlich dazu verpflichtet ist. Bei Fragen zum Datenschutz k\u00f6nnen sich Kunden und Interessenten jedoch jederzeit an maninder.singh@margency.de oder +49 (0) 179 410 7411 wenden.<\/span><\/p><h3><b>Beschwerderecht<\/b><\/h3><p><span style=\"font-weight: 400;\">Kunden und Interessenten haben das Recht, bei der zust\u00e4ndigen Datenschutzbeh\u00f6rde Beschwerde einzulegen, wenn sie der Ansicht sind, dass die Verarbeitung ihrer personenbezogenen Daten gegen datenschutzrechtliche Bestimmungen verst\u00f6\u00dft.<\/span><\/p><h4><b>\u00c4nderungen der Datenschutzbestimmungen<\/b><\/h4><p><span style=\"font-weight: 400;\">Margency beh\u00e4lt sich das Recht vor, diese Datenschutzbestimmungen jederzeit zu \u00e4ndern oder zu aktualisieren. Kunden und Interessenten werden \u00fcber wesentliche \u00c4nderungen informiert.<\/span><\/p><p><span style=\"font-weight: 400;\">Diese Datenschutzbestimmungen treten am 01.02.2024 in Kraft und gelten bis auf Widerruf. Es wird empfohlen, diese Bestimmungen regelm\u00e4\u00dfig zu \u00fcberpr\u00fcfen, um \u00fcber die Verarbeitung Ihrer personenbezogenen Daten durch Margency informiert zu bleiben.<\/span><\/p>\t\t\t\t\t\t\t\t<\/div>\n\t\t\t\t<\/div>\n\t\t\t\t\t<\/div>\n\t\t\t\t<\/div>\n\t\t\t\t<\/div>\n\t\t","protected":false},"excerpt":{"rendered":"<p>Datenschutzbestimmungen f\u00fcr Margency Verantwortliche Stelle Verantwortlich f\u00fcr die Erhebung, Verarbeitung und Nutzung Ihrer personenbezogenen Daten im Sinne der Datenschutz-Grundverordnung (DSGVO) ist Maninder Singh &amp; Athanassios Nikolaou, Marktplatz 7, 72379 Hechingen, Deutschland. Datenerhebung und -verwendung Margency erhebt und verwendet personenbezogene Daten seiner Kunden und Interessenten nur im Rahmen der Auftragsdurchf\u00fchrung sowie zur Kommunikation und Information \u00fcber [&hellip;]<\/p>\n","protected":false},"author":1,"featured_media":0,"parent":0,"menu_order":0,"comment_status":"closed","ping_status":"closed","template":"","meta":{"footnotes":""},"class_list":["post-3","page","type-page","status-publish","hentry"],"_links":{"self":[{"href":"https:\/\/margency.de\/en\/wp-json\/wp\/v2\/pages\/3","targetHints":{"allow":["GET"]}}],"collection":[{"href":"https:\/\/margency.de\/en\/wp-json\/wp\/v2\/pages"}],"about":[{"href":"https:\/\/margency.de\/en\/wp-json\/wp\/v2\/types\/page"}],"author":[{"embeddable":true,"href":"https:\/\/margency.de\/en\/wp-json\/wp\/v2\/users\/1"}],"replies":[{"embeddable":true,"href":"https:\/\/margency.de\/en\/wp-json\/wp\/v2\/comments?post=3"}],"version-history":[{"count":3,"href":"https:\/\/margency.de\/en\/wp-json\/wp\/v2\/pages\/3\/revisions"}],"predecessor-version":[{"id":1183,"href":"https:\/\/margency.de\/en\/wp-json\/wp\/v2\/pages\/3\/revisions\/1183"}],"wp:attachment":[{"href":"https:\/\/margency.de\/en\/wp-json\/wp\/v2\/media?parent=3"}],"curies":[{"name":"wp","href":"https:\/\/api.w.org\/{rel}","templated":true}]}}